{"id":620,"date":"2016-05-19T23:39:45","date_gmt":"2016-05-20T05:39:45","guid":{"rendered":"http:\/\/caped.iztacala.unam.mx\/?page_id=620"},"modified":"2018-08-26T18:57:10","modified_gmt":"2018-08-27T00:57:10","slug":"duelo","status":"publish","type":"page","link":"https:\/\/caped.iztacala.unam.mx\/?page_id=620","title":{"rendered":"Duelo"},"content":{"rendered":"<p>[et_pb_section fullwidth=&#8221;off&#8221; specialty=&#8221;off&#8221; admin_label=&#8221;Section&#8221; background_image=&#8221;https:\/\/caped.iztacala.unam.mx\/wp-content\/uploads\/2018\/07\/Triada-blanca.png&#8221; transparent_background=&#8221;off&#8221; allow_player_pause=&#8221;off&#8221; inner_shadow=&#8221;off&#8221; parallax=&#8221;off&#8221; parallax_method=&#8221;off&#8221; padding_mobile=&#8221;off&#8221; make_fullwidth=&#8221;off&#8221; use_custom_width=&#8221;off&#8221; width_unit=&#8221;on&#8221; make_equal=&#8221;off&#8221; use_custom_gutter=&#8221;off&#8221;][et_pb_row admin_label=&#8221;Row&#8221;][et_pb_column type=&#8221;4_4&#8243;][\/et_pb_column][\/et_pb_row][\/et_pb_section][et_pb_section admin_label=&#8221;section&#8221;][et_pb_row admin_label=&#8221;Row&#8221;][et_pb_column type=&#8221;4_4&#8243;][et_pb_text admin_label=&#8221;Text&#8221; background_layout=&#8221;light&#8221; text_orientation=&#8221;left&#8221; use_border_color=&#8221;off&#8221; border_color=&#8221;#ffffff&#8221; border_style=&#8221;solid&#8221;]<\/p>\n<h1 style=\"text-align: center;\"><strong>EL DUELO<\/strong><\/h1>\n<p>[\/et_pb_text][\/et_pb_column][\/et_pb_row][et_pb_row admin_label=&#8221;row&#8221;][et_pb_column type=&#8221;1_2&#8243;][et_pb_text admin_label=&#8221;Text&#8221; background_layout=&#8221;light&#8221; text_orientation=&#8221;left&#8221; use_border_color=&#8221;off&#8221; border_color=&#8221;#ffffff&#8221; border_style=&#8221;solid&#8221;]<\/p>\n<p style=\"text-align: justify;\">El duelo es un proceso activo y no un estado de adaptaci\u00f3n ante la p\u00e9rdida, que involucra las reacciones de tipo f\u00edsico, emocional, familiar, conductual, social y espiritual que se presentan como respuesta a \u00e9l. El duelo implica llevar acabo cambios que generan tambi\u00e9n ansiedad, inseguridad y temor.<\/p>\n<p style=\"text-align: justify;\">El trabajo de duelo no se aplica solamente a la muerte de una persona querida, sino tambi\u00e9n a todo tipo de p\u00e9rdidas, separaciones, abandonos, rupturas, cambios, etc. que implican la terminaci\u00f3n de algo que nos resulta significativo en diferentes medidas.<\/p>\n<p>[\/et_pb_text][\/et_pb_column][et_pb_column type=&#8221;1_2&#8243;][et_pb_image admin_label=&#8221;Image&#8221; src=&#8221;https:\/\/caped.iztacala.unam.mx\/wp-content\/uploads\/2016\/05\/Duelo.jpg&#8221; show_in_lightbox=&#8221;off&#8221; url_new_window=&#8221;off&#8221; use_overlay=&#8221;off&#8221; animation=&#8221;left&#8221; sticky=&#8221;off&#8221; align=&#8221;center&#8221; force_fullwidth=&#8221;off&#8221; always_center_on_mobile=&#8221;on&#8221; use_border_color=&#8221;off&#8221; border_color=&#8221;#ffffff&#8221; border_style=&#8221;solid&#8221;]<br \/>\n[\/et_pb_image][\/et_pb_column][\/et_pb_row][et_pb_row admin_label=&#8221;Row&#8221;][et_pb_column type=&#8221;4_4&#8243;][et_pb_divider admin_label=&#8221;Divider&#8221; color=&#8221;#1e73be&#8221; show_divider=&#8221;on&#8221; divider_style=&#8221;solid&#8221; divider_position=&#8221;top&#8221; hide_on_mobile=&#8221;on&#8221;]<br \/>\n[\/et_pb_divider][et_pb_text admin_label=&#8221;Text&#8221; background_layout=&#8221;light&#8221; text_orientation=&#8221;left&#8221; use_border_color=&#8221;off&#8221; border_color=&#8221;#ffffff&#8221; border_style=&#8221;solid&#8221;]<\/p>\n<h3><strong>Referencias<\/strong><\/h3>\n<p>&nbsp;<\/p>\n<p>Worden,J. (2004) Asesoramiento psicol\u00f3gico y\u00a0 terapia. Barcelona; M\u00e9xico. Ed. Paid\u00f3s.<\/p>\n<p>&nbsp;<\/p>\n<p>Neimeyer, R. (2002) Aprender de la p\u00e9rdida. Barcelona; M\u00e9xico. Ed. Paid\u00f3s Ib\u00e9rica.<\/p>\n<p>&nbsp;<\/p>\n<p>Tiz\u00f3n, J. (2004) P\u00e9rdida, pena, duelo : vivencias, investigaci\u00f3n y asistencia. Barcelona; M\u00e9xico. Ed. Paid\u00f3s<\/p>\n<p>[\/et_pb_text][\/et_pb_column][\/et_pb_row][et_pb_row admin_label=&#8221;Row&#8221; make_fullwidth=&#8221;off&#8221; use_custom_width=&#8221;off&#8221; width_unit=&#8221;on&#8221; use_custom_gutter=&#8221;off&#8221; padding_mobile=&#8221;on&#8221; allow_player_pause=&#8221;off&#8221; parallax=&#8221;off&#8221; parallax_method=&#8221;off&#8221; make_equal=&#8221;off&#8221; parallax_1=&#8221;off&#8221; parallax_method_1=&#8221;off&#8221; parallax_2=&#8221;off&#8221; parallax_method_2=&#8221;off&#8221; parallax_3=&#8221;off&#8221; parallax_method_3=&#8221;off&#8221; column_padding_mobile=&#8221;on&#8221; custom_css_main_element=&#8221;height:auto;||width:auto;&#8221;][et_pb_column type=&#8221;1_3&#8243;][\/et_pb_column][et_pb_column type=&#8221;1_3&#8243;][\/et_pb_column][et_pb_column type=&#8221;1_3&#8243;][\/et_pb_column][\/et_pb_row][\/et_pb_section]<\/p>\n","protected":false},"excerpt":{"rendered":"<p>EL DUELO El duelo es un proceso activo y no un estado de adaptaci\u00f3n ante la p\u00e9rdida, que involucra las reacciones de tipo f\u00edsico, emocional, familiar, conductual, social y espiritual que se presentan como respuesta a \u00e9l. El duelo implica llevar acabo cambios que generan tambi\u00e9n ansiedad, inseguridad y temor. El trabajo de duelo no [&hellip;]<\/p>\n","protected":false},"author":1,"featured_media":0,"parent":229,"menu_order":0,"comment_status":"closed","ping_status":"closed","template":"","meta":{"_et_pb_use_builder":"on","_et_pb_old_content":"","_et_gb_content_width":"","footnotes":""},"class_list":["post-620","page","type-page","status-publish","hentry"],"_links":{"self":[{"href":"https:\/\/caped.iztacala.unam.mx\/index.php?rest_route=\/wp\/v2\/pages\/620","targetHints":{"allow":["GET"]}}],"collection":[{"href":"https:\/\/caped.iztacala.unam.mx\/index.php?rest_route=\/wp\/v2\/pages"}],"about":[{"href":"https:\/\/caped.iztacala.unam.mx\/index.php?rest_route=\/wp\/v2\/types\/page"}],"author":[{"embeddable":true,"href":"https:\/\/caped.iztacala.unam.mx\/index.php?rest_route=\/wp\/v2\/users\/1"}],"replies":[{"embeddable":true,"href":"https:\/\/caped.iztacala.unam.mx\/index.php?rest_route=%2Fwp%2Fv2%2Fcomments&post=620"}],"version-history":[{"count":13,"href":"https:\/\/caped.iztacala.unam.mx\/index.php?rest_route=\/wp\/v2\/pages\/620\/revisions"}],"predecessor-version":[{"id":1826,"href":"https:\/\/caped.iztacala.unam.mx\/index.php?rest_route=\/wp\/v2\/pages\/620\/revisions\/1826"}],"up":[{"embeddable":true,"href":"https:\/\/caped.iztacala.unam.mx\/index.php?rest_route=\/wp\/v2\/pages\/229"}],"wp:attachment":[{"href":"https:\/\/caped.iztacala.unam.mx\/index.php?rest_route=%2Fwp%2Fv2%2Fmedia&parent=620"}],"curies":[{"name":"wp","href":"https:\/\/api.w.org\/{rel}","templated":true}]}}